{"id":2445,"date":"2023-02-28T12:42:18","date_gmt":"2023-02-28T11:42:18","guid":{"rendered":"http:\/\/dev.tasker.it\/?page_id=2445"},"modified":"2023-03-06T14:11:52","modified_gmt":"2023-03-06T13:11:52","slug":"proprieta-e-riserve","status":"publish","type":"page","link":"https:\/\/stage.tasker.it\/it\/proprieta-e-riserve\/","title":{"rendered":"Propriet\u00e0 e riserve"},"content":{"rendered":"\t\t<div data-elementor-type=\"wp-page\" data-elementor-id=\"2445\" class=\"elementor elementor-2445\" data-elementor-post-type=\"page\">\n\t\t\t\t\t\t<section class=\"elementor-section elementor-top-section elementor-element elementor-element-781a11ad elementor-section-full_width elementor-section-height-default elementor-section-height-default\" data-id=\"781a11ad\" data-element_type=\"section\">\n\t\t\t\t\t\t<div class=\"elementor-container elementor-column-gap-default\">\n\t\t\t\t\t<div class=\"elementor-column elementor-col-100 elementor-top-column elementor-element elementor-element-674cd2dd\" data-id=\"674cd2dd\" data-element_type=\"column\">\n\t\t\t<div class=\"elementor-widget-wrap elementor-element-populated\">\n\t\t\t\t\t\t<div class=\"elementor-element elementor-element-2b2866c5 elementor--h-position-center elementor--v-position-middle elementor-arrows-position-inside elementor-pagination-position-inside elementor-widget elementor-widget-slides\" data-id=\"2b2866c5\" data-element_type=\"widget\" data-settings=\"{&quot;navigation&quot;:&quot;both&quot;,&quot;autoplay&quot;:&quot;yes&quot;,&quot;pause_on_hover&quot;:&quot;yes&quot;,&quot;pause_on_interaction&quot;:&quot;yes&quot;,&quot;autoplay_speed&quot;:5000,&quot;infinite&quot;:&quot;yes&quot;,&quot;transition&quot;:&quot;slide&quot;,&quot;transition_speed&quot;:500}\" data-widget_type=\"slides.default\">\n\t\t\t\t<div class=\"elementor-widget-container\">\n\t\t\t\t\t\t\t\t\t<div class=\"elementor-swiper\">\n\t\t\t\t\t<div class=\"elementor-slides-wrapper elementor-main-swiper swiper\" role=\"region\" aria-roledescription=\"carousel\" aria-label=\"Slides\" dir=\"ltr\" data-animation=\"fadeInUp\">\n\t\t\t\t<div class=\"swiper-wrapper elementor-slides\">\n\t\t\t\t\t\t\t\t\t\t<div class=\"elementor-repeater-item-b2f91a3 swiper-slide\" role=\"group\" aria-roledescription=\"slide\"><div class=\"swiper-slide-bg elementor-ken-burns elementor-ken-burns--out\" role=\"img\" aria-label=\"legal-info\"><\/div><div class=\"swiper-slide-inner\" ><div class=\"swiper-slide-contents\"><div class=\"elementor-slide-heading\">Propriet\u00e0 e riserve<\/div><\/div><\/div><\/div>\t\t\t\t<\/div>\n\t\t\t\t\t\t\t<\/div>\n\t\t\t\t<\/div>\n\t\t\t\t\t\t\t\t<\/div>\n\t\t\t\t<\/div>\n\t\t\t\t\t<\/div>\n\t\t<\/div>\n\t\t\t\t\t<\/div>\n\t\t<\/section>\n\t\t\t\t<section class=\"elementor-section elementor-top-section elementor-element elementor-element-6e04b2f0 elementor-section-height-min-height elementor-section-boxed elementor-section-height-default elementor-section-items-middle\" data-id=\"6e04b2f0\" data-element_type=\"section\" data-settings=\"{&quot;background_background&quot;:&quot;classic&quot;}\">\n\t\t\t\t\t\t<div class=\"elementor-container elementor-column-gap-default\">\n\t\t\t\t\t<div class=\"elementor-column elementor-col-100 elementor-top-column elementor-element elementor-element-4ca53719\" data-id=\"4ca53719\" data-element_type=\"column\">\n\t\t\t<div class=\"elementor-widget-wrap elementor-element-populated\">\n\t\t\t\t\t\t<div class=\"elementor-element elementor-element-1b038257 elementor-absolute elementor-widget elementor-widget-shortcode\" data-id=\"1b038257\" data-element_type=\"widget\" data-settings=\"{&quot;_position&quot;:&quot;absolute&quot;}\" data-widget_type=\"shortcode.default\">\n\t\t\t\t<div class=\"elementor-widget-container\">\n\t\t\t\t\t<!-- Lingua selezionata: it --><html lang=\"it\">\n<head>\n    <meta charset=\"UTF-8\">\n    <meta name=\"viewport\" content=\"width=device-width, initial-scale=1.0\">\n    <link rel=\"stylesheet\" href=\"\/php\/assets\/css\/main.css\">\n    <link rel=\"stylesheet\" href=\"\/php\/assets\/css\/searchbar.css\">\n    <title>Search Bar<\/title>\n<\/head>\n<body>\n<div class=\"custom-search-container\" id=\"uniqueSearchContainer\">\n    <form action=\"\/it\/search\/\" method=\"get\" class=\"custom-search-form\" id=\"uniqueSearchForm\">\n        <label for=\"uniqueSearchInput\" class=\"visually-hidden\">Cerca<\/label>\n        <input \n            name=\"search\" \n            type=\"text\" \n            placeholder=\"Cerca il prodotto...\" \n            class=\"custom-search-input\" \n            id=\"uniqueSearchInput\" \n            required\n        \/>\n        <button type=\"submit\" class=\"custom-search-button\" id=\"uniqueSearchButton\">\n            <img decoding=\"async\" src=\"\/php\/assets\/images\/search.svg\" alt=\"Cerca\" class=\"custom-search-icon\" id=\"uniqueSearchIcon\">\n        <\/button>\n    <\/form>\n<\/div>\n<\/body>\n<\/html>\t\t<div class=\"elementor-shortcode\"><\/div>\n\t\t\t\t\t\t<\/div>\n\t\t\t\t<\/div>\n\t\t\t\t\t<\/div>\n\t\t<\/div>\n\t\t\t\t\t<\/div>\n\t\t<\/section>\n\t\t\t\t<section class=\"elementor-section elementor-top-section elementor-element elementor-element-7412c83 elementor-section-boxed elementor-section-height-default elementor-section-height-default\" data-id=\"7412c83\" data-element_type=\"section\">\n\t\t\t\t\t\t<div class=\"elementor-container elementor-column-gap-default\">\n\t\t\t\t\t<div class=\"elementor-column elementor-col-100 elementor-top-column elementor-element elementor-element-a1a3a1b\" data-id=\"a1a3a1b\" data-element_type=\"column\">\n\t\t\t<div class=\"elementor-widget-wrap elementor-element-populated\">\n\t\t\t\t\t\t<div class=\"elementor-element elementor-element-37c560c elementor-widget elementor-widget-text-editor\" data-id=\"37c560c\" data-element_type=\"widget\" data-widget_type=\"text-editor.default\">\n\t\t\t\t<div class=\"elementor-widget-container\">\n\t\t\t\t\t\t\t\t\t<p><strong>PROPRIET\u00c0<\/strong><\/p>\n<p>Tasker\u00ae \u00e8 un marchio registrato di esclusiva propriet\u00e0 della MILAN S.r.l.<\/p><p><span style=\"color: var( --e-global-color-text ); font-family: var( --e-global-typography-text-font-family ), Sans-serif; font-weight: var( --e-global-typography-text-font-weight ); font-size: 1rem;\">Di esso \u00e0 quindi proibita ogni riproduzione ed utilizzazione totale o parziale non autorizzata.<\/span><\/p><p>Tutte le immagini dei prodotti Tasker\u00ae contenute in questo sito e nel catalogo sono di esclusiva propriet\u00e0 MILAN S.r.l. e sono tutelate dalla legge sui diritti d&#8217;autore, di esse \u00e8 quindi proibita ogni riproduzione ed utilizzazione totale o parziale non autorizzata.<\/p><p>Questo sito internet ed il catalogo sono tutelati dalla legge sui diritti d&#8217;autore, di essi \u00e8 quindi proibita ogni riproduzione totale o parziale non autorizzata.<\/p>\t\t\t\t\t\t\t\t<\/div>\n\t\t\t\t<\/div>\n\t\t\t\t<div class=\"elementor-element elementor-element-f9292ae elementor-widget elementor-widget-text-editor\" data-id=\"f9292ae\" data-element_type=\"widget\" data-widget_type=\"text-editor.default\">\n\t\t\t\t<div class=\"elementor-widget-container\">\n\t\t\t\t\t\t\t\t\t<p><strong>RISERVE<\/strong><\/p><p>Il produttore si riserva di apportare modifiche ai prodotti senza preavviso.<\/p><p>I diametri e le misure elettriche dei cavi sono garantiti alla produzione ma soggetti a tolleranze d&#8217;uso.<br \/>Per condizioni d&#8217;uso particolari specificare le proprie esigenze.<br \/>I pesi sono indicativi ma suscettibili a variazioni dovute ai materiali utilizzati ed alle confezioni.<\/p><p>Le confezioni possono subire variazioni per esigenze di produzione.<\/p><p>\u00c8 consigliabile non utilizzare i prodotti per usi non espressamente indicati.<br \/>Il produttore declina ogni responsabilit\u00e0 per qualsiasi uso improprio dei prodotti.<\/p>\t\t\t\t\t\t\t\t<\/div>\n\t\t\t\t<\/div>\n\t\t\t\t\t<\/div>\n\t\t<\/div>\n\t\t\t\t\t<\/div>\n\t\t<\/section>\n\t\t\t\t<\/div>\n\t\t","protected":false},"excerpt":{"rendered":"<p>Propriet\u00e0 e riserve PROPRIET\u00c0 Tasker\u00ae \u00e8 un marchio registrato di esclusiva propriet\u00e0 della MILAN S.r.l. Di esso \u00e0 quindi proibita ogni riproduzione ed utilizzazione totale o parziale non autorizzata. Tutte le immagini dei prodotti Tasker\u00ae contenute in questo sito e nel catalogo sono di esclusiva propriet\u00e0 MILAN S.r.l. e sono tutelate dalla legge sui diritti [&hellip;]<\/p>\n","protected":false},"author":1,"featured_media":0,"parent":0,"menu_order":0,"comment_status":"closed","ping_status":"closed","template":"","meta":{"footnotes":""},"class_list":["post-2445","page","type-page","status-publish","hentry"],"aioseo_notices":[],"_links":{"self":[{"href":"https:\/\/stage.tasker.it\/it\/wp-json\/wp\/v2\/pages\/2445","targetHints":{"allow":["GET"]}}],"collection":[{"href":"https:\/\/stage.tasker.it\/it\/wp-json\/wp\/v2\/pages"}],"about":[{"href":"https:\/\/stage.tasker.it\/it\/wp-json\/wp\/v2\/types\/page"}],"author":[{"embeddable":true,"href":"https:\/\/stage.tasker.it\/it\/wp-json\/wp\/v2\/users\/1"}],"replies":[{"embeddable":true,"href":"https:\/\/stage.tasker.it\/it\/wp-json\/wp\/v2\/comments?post=2445"}],"version-history":[{"count":0,"href":"https:\/\/stage.tasker.it\/it\/wp-json\/wp\/v2\/pages\/2445\/revisions"}],"wp:attachment":[{"href":"https:\/\/stage.tasker.it\/it\/wp-json\/wp\/v2\/media?parent=2445"}],"curies":[{"name":"wp","href":"https:\/\/api.w.org\/{rel}","templated":true}]}}